{"id":99,"date":"2022-08-06T17:12:43","date_gmt":"2022-08-06T14:12:43","guid":{"rendered":"http:\/\/zoomagazin.md\/?page_id=99"},"modified":"2026-04-09T13:00:16","modified_gmt":"2026-04-09T10:00:16","slug":"nashi-magaziny","status":"publish","type":"page","link":"https:\/\/zoomagazin.md\/ro\/nashi-magaziny\/","title":{"rendered":"\u041d\u0430\u0448\u0438 \u043c\u0430\u0433\u0430\u0437\u0438\u043d\u044b"},"content":{"rendered":"<div class=\"wpb-content-wrapper\"><div class=\"vc_row wpb_row vc_row-fluid\"><div class=\"wpb_column vc_column_container vc_col-sm-12\"><div class=\"vc_column-inner\"><div class=\"wpb_wrapper\"><div class=\"vc_row wpb_row vc_inner vc_row-fluid vc_custom_1659803643930 vc_row-o-equal-height vc_row-o-content-top vc_row-flex wd-rs-62ee97ed9d983\"><div class=\"wpb_column vc_column_container vc_col-sm-6\"><div class=\"vc_column-inner\"><div class=\"wpb_wrapper\">\n\t<div class=\"wpb_text_column wpb_content_element\" >\n\t\t<div class=\"wpb_wrapper\">\n\t\t\t<h4><strong>Savanna Petru Rares \/ Centru<\/strong><\/h4>\n<p>Petru Rares, 39\/1 | MD-2005, Chisinau, Republica Moldova<br \/>\n<strong>Telefon<\/strong>: 069111865<\/p>\n<h5>Orele de func\u021bionare:<\/h5>\n<table>\n<tbody>\n<tr>\n<td width=\"70\">Luni<\/td>\n<td>09:00 &#8212; 20:00<\/td>\n<\/tr>\n<tr>\n<td width=\"70\">Mar\u0163i<\/td>\n<td>09:00 &#8212; 20:00<\/td>\n<\/tr>\n<tr>\n<td width=\"70\">Miercuri<\/td>\n<td>09:00 &#8212; 20:00<\/td>\n<\/tr>\n<tr>\n<td width=\"70\">Joi<\/td>\n<td>09:00 &#8212; 20:00<\/td>\n<\/tr>\n<tr>\n<td width=\"70\">Vineri<\/td>\n<td>09:00 &#8212; 20:00<\/td>\n<\/tr>\n<tr>\n<td width=\"70\">S\u00e2mb\u0103t\u0103<\/td>\n<td>09:00 &#8212; 18:00<\/td>\n<\/tr>\n<tr>\n<td width=\"70\">\u0412\u043e\u0441\u043a\u0440\u0435\u0441\u0435\u043d\u044c\u0435<\/td>\n<td>\u0432\u044b\u0445\u043e\u0434\u043d\u043e\u0439<\/td>\n<\/tr>\n<\/tbody>\n<\/table>\n\n\t\t<\/div>\n\t<\/div>\n<\/div><\/div><\/div><div class=\"wpb_column vc_column_container vc_col-sm-6\"><div class=\"vc_column-inner\"><div class=\"wpb_wrapper\">\n\t<div class=\"wpb_text_column wpb_content_element\" >\n\t\t<div class=\"wpb_wrapper\">\n\t\t\t<h4><strong>Savanna bd.Grigore Vieru, 5 \/ Centru<\/strong><\/h4>\n<p><a href=\"https:\/\/goo.gl\/maps\/jEfpmcD4zdTKuXy19\">G.Vieru,5<\/a> | MD-2005, Chisinau, Republica Moldova<br \/>\n<strong>Telefon<\/strong>: <a href=\"tel:+3736969111865\">069111865<\/a><\/p>\n<p>Orele de func\u021bionare:<\/p>\n<table>\n<tbody>\n<tr>\n<td width=\"70\">Luni<\/td>\n<td>10:00 &#8212; 19:00<\/td>\n<\/tr>\n<tr>\n<td width=\"70\">Mar\u0163i<\/td>\n<td>10:00 &#8212; 19:00<\/td>\n<\/tr>\n<tr>\n<td width=\"70\">Miercuri<\/td>\n<td>10:00 &#8212; 19:00<\/td>\n<\/tr>\n<tr>\n<td width=\"70\">Joi<\/td>\n<td>10:00 &#8212; 19:00<\/td>\n<\/tr>\n<tr>\n<td width=\"70\">Vineri<\/td>\n<td>10:00 &#8212; 19:00<\/td>\n<\/tr>\n<tr>\n<td width=\"70\">S\u00e2mb\u0103t\u0103<\/td>\n<td>10:00 &#8212; 19:00<\/td>\n<\/tr>\n<tr>\n<td width=\"70\">\u0412\u043e\u0441\u043a\u0440\u0435\u0441\u0435\u043d\u044c\u0435<\/td>\n<td>10:00 &#8212; 18:00<\/td>\n<\/tr>\n<\/tbody>\n<\/table>\n\n\t\t<\/div>\n\t<\/div>\n<\/div><\/div><\/div><\/div><div class=\"vc_row wpb_row vc_inner vc_row-fluid vc_custom_1659803643930 vc_row-o-equal-height vc_row-o-content-top vc_row-flex wd-rs-62ee97ed9d983\"><div class=\"wpb_column vc_column_container vc_col-sm-6\"><div class=\"vc_column-inner\"><div class=\"wpb_wrapper\">\n\t<div class=\"wpb_text_column wpb_content_element\" >\n\t\t<div class=\"wpb_wrapper\">\n\t\t\t<h4><strong>Savanna Vieru \/ Ciocana<\/strong><\/h4>\n<p><a href=\"https:\/\/goo.gl\/maps\/k2RTy52UmGUycXgX6\">Chisinau, I.Vieru, 8<\/a> | MD-2075, Chisinau, Republica Moldova<br \/>\n<strong>Telefon<\/strong>: <a href=\"tel:+37379808505\">079808505<\/a><\/p>\n<h5>Orele de func\u021bionare:<\/h5>\n<table class=\"alignleft\">\n<tbody>\n<tr>\n<td width=\"70\">Luni<\/td>\n<td>09:00 &#8212; 19:00<\/td>\n<\/tr>\n<tr>\n<td width=\"70\">Mar\u0163i<\/td>\n<td>09:00 &#8212; 19:00<\/td>\n<\/tr>\n<tr>\n<td width=\"70\">Miercuri<\/td>\n<td>09:00 &#8212; 19:00<\/td>\n<\/tr>\n<tr>\n<td width=\"70\">Joi<\/td>\n<td>09:00 &#8212; 19:00<\/td>\n<\/tr>\n<tr>\n<td width=\"70\">Vineri<\/td>\n<td>09:00 &#8212; 19:00<\/td>\n<\/tr>\n<tr>\n<td width=\"70\">S\u00e2mb\u0103t\u0103<\/td>\n<td>10:00 &#8212; 16:00<\/td>\n<\/tr>\n<tr>\n<td width=\"70\">\u0412\u043e\u0441\u043a\u0440\u0435\u0441\u0435\u043d\u044c\u0435<\/td>\n<td>10:00 &#8212; 16:00<\/td>\n<\/tr>\n<\/tbody>\n<\/table>\n\n\t\t<\/div>\n\t<\/div>\n<\/div><\/div><\/div><div class=\"wpb_column vc_column_container vc_col-sm-6\"><div class=\"vc_column-inner\"><div class=\"wpb_wrapper\">\n\t<div class=\"wpb_text_column wpb_content_element\" >\n\t\t<div class=\"wpb_wrapper\">\n\t\t\t<h4><strong>Savanna Fourchette \/ Riscani &gt; regim online<\/strong><\/h4>\n<p><strong>Livrare gratuita de la 500 lei!<\/strong><\/p>\n<p><a href=\"https:\/\/goo.gl\/maps\/sxTYoLAwzN6UTCME8\">Bd. Moscovei, 19<\/a> | MD-2044, Chisinau, Republica Moldova<br \/>\n<strong>Telefon<\/strong>: 068303030 \/ 061097696<\/p>\n<h5>Orele de func\u021bionare:<\/h5>\n<p>\u041f\u0435\u0440\u0435\u0440\u044b\u0432\u00a0 \u00a0 \u00a0 \u00a0 \u00a0 \u00a0 14:00 &#8212; 15:00<\/p>\n<table>\n<tbody>\n<tr>\n<td width=\"70\">Luni<\/td>\n<td>10:00 &#8212; 20:00<\/td>\n<\/tr>\n<tr>\n<td width=\"70\">Mar\u0163i<\/td>\n<td>10:00 &#8212; 20:00<\/td>\n<\/tr>\n<tr>\n<td width=\"70\">Miercuri<\/td>\n<td>10:00 &#8212; 20:00<\/td>\n<\/tr>\n<tr>\n<td width=\"70\">Joi<\/td>\n<td>10:00 &#8212; 20:00<\/td>\n<\/tr>\n<tr>\n<td width=\"70\">Vineri<\/td>\n<td>10:00 &#8212; 20:00<\/td>\n<\/tr>\n<tr>\n<td width=\"70\">S\u00e2mb\u0103t\u0103<\/td>\n<td>10:00 &#8212; 20:00<\/td>\n<\/tr>\n<tr>\n<td width=\"70\">\u0412\u043e\u0441\u043a\u0440\u0435\u0441\u0435\u043d\u044c\u0435<\/td>\n<td>10:00 &#8212; 20:00<\/td>\n<\/tr>\n<\/tbody>\n<\/table>\n\n\t\t<\/div>\n\t<\/div>\n<\/div><\/div><\/div><\/div><div class=\"vc_row wpb_row vc_inner vc_row-fluid vc_custom_1659803643930 vc_row-o-equal-height vc_row-o-content-top vc_row-flex wd-rs-62ee97ed9d983\"><div class=\"wpb_column vc_column_container vc_col-sm-6\"><div class=\"vc_column-inner\"><div class=\"wpb_wrapper\">\n\t<div class=\"wpb_text_column wpb_content_element\" >\n\t\t<div class=\"wpb_wrapper\">\n\t\t\t<h4><strong>Savanna \/ Ciocana<\/strong><\/h4>\n<p>Adresa Noua| MD-2075, Chisinau, Republica Moldova<br \/>\n<strong>Telefon<\/strong>: <a href=\"tel:+37368303030\">068303030<\/a><\/p>\n<p><span style=\"color: #1b1919;\">Orele de func\u021bionare:<\/span><\/p>\n<table>\n<tbody>\n<tr>\n<td width=\"70\">Luni<\/td>\n<td>10:00 &#8212; 20:00<\/td>\n<\/tr>\n<tr>\n<td width=\"70\">Mar\u0163i<\/td>\n<td>10:00 &#8212; 20:00<\/td>\n<\/tr>\n<tr>\n<td width=\"70\">Miercuri<\/td>\n<td>10:00 &#8212; 20:00<\/td>\n<\/tr>\n<tr>\n<td width=\"70\">Joi<\/td>\n<td>10:00 &#8212; 20:00<\/td>\n<\/tr>\n<tr>\n<td width=\"70\">Vineri<\/td>\n<td>10:00 &#8212; 20:00<\/td>\n<\/tr>\n<tr>\n<td width=\"70\">S\u00e2mb\u0103t\u0103<\/td>\n<td>10:00 &#8212; 20:00<\/td>\n<\/tr>\n<tr>\n<td width=\"70\">\u0412\u043e\u0441\u043a\u0440\u0435\u0441\u0435\u043d\u044c\u0435<\/td>\n<td>10:00 &#8212; 20:00<\/td>\n<\/tr>\n<\/tbody>\n<\/table>\n\n\t\t<\/div>\n\t<\/div>\n<\/div><\/div><\/div><div class=\"wpb_column vc_column_container vc_col-sm-6\"><div class=\"vc_column-inner\"><div class=\"wpb_wrapper\">\n\t<div class=\"wpb_text_column wpb_content_element\" >\n\t\t<div class=\"wpb_wrapper\">\n\t\t\t<h4><strong>Savanna ZooVetSalon \/ Ciocana<\/strong><\/h4>\n<p><a href=\"https:\/\/goo.gl\/maps\/3FkTyyaqyoeZBzg66\">Mircea cel Batrin, 12\/2 <\/a> | MD-2075, Chisinau, Republica Moldova<br \/>\n<strong>Telefon<\/strong>: 060291089<\/p>\n<h5>Orele de func\u021bionare:<\/h5>\n<p>\u041f\u0435\u0440\u0435\u0440\u044b\u0432\u00a0 \u00a0 \u00a0 \u00a0 \u00a0 \u00a014:30 &#8212; 15:00<\/p>\n<table>\n<tbody>\n<tr>\n<td width=\"70\">Luni<\/td>\n<td>10:00 &#8212; 20:00<\/td>\n<\/tr>\n<tr>\n<td width=\"70\">Mar\u0163i<\/td>\n<td>10:00 &#8212; 20:00<\/td>\n<\/tr>\n<tr>\n<td width=\"70\">Miercuri<\/td>\n<td>10:00 &#8212; 20:00<\/td>\n<\/tr>\n<tr>\n<td width=\"70\">Joi<\/td>\n<td>10:00 &#8212; 20:00<\/td>\n<\/tr>\n<tr>\n<td width=\"70\">Vineri<\/td>\n<td>10:00 &#8212; 20:00<\/td>\n<\/tr>\n<tr>\n<td width=\"70\">S\u00e2mb\u0103t\u0103<\/td>\n<td>10:00 &#8212; 20:00<\/td>\n<\/tr>\n<tr>\n<td width=\"70\">\u0412\u043e\u0441\u043a\u0440\u0435\u0441\u0435\u043d\u044c\u0435<\/td>\n<td>10:00 &#8212; 18:00<\/td>\n<\/tr>\n<\/tbody>\n<\/table>\n\n\t\t<\/div>\n\t<\/div>\n<\/div><\/div><\/div><\/div><div class=\"vc_row wpb_row vc_inner vc_row-fluid vc_custom_1659803643930 vc_row-o-equal-height vc_row-o-content-top vc_row-flex wd-rs-62ee97ed9d983\"><div class=\"wpb_column vc_column_container vc_col-sm-6\"><div class=\"vc_column-inner\"><div class=\"wpb_wrapper\">\n\t<div class=\"wpb_text_column wpb_content_element\" >\n\t\t<div class=\"wpb_wrapper\">\n\t\t\t<h4><strong>Savanna \/ Botanica<\/strong><\/h4>\n<p><a href=\"https:\/\/goo.gl\/maps\/us42pQZ5wTdqGGeq6\">Dacia, 10<\/a> | MD-2060 Chisinau, Republica Moldova<br \/>\n<strong>Telefon<\/strong>: <a href=\"tel:+37369111865\">069111865<\/a><\/p>\n<h5>Orele de func\u021bionare:<\/h5>\n<p>\u041f\u0435\u0440\u0435\u0440\u044b\u0432\u00a0 \u00a0 \u00a0 \u00a0 \u00a0 \u00a014:30 &#8212; 15:00<\/p>\n<table>\n<tbody>\n<tr>\n<td width=\"70\">Luni<\/td>\n<td>10:00 &#8212; 20:00<\/td>\n<\/tr>\n<tr>\n<td width=\"70\">Mar\u0163i<\/td>\n<td>10:00 &#8212; 20:00<\/td>\n<\/tr>\n<tr>\n<td width=\"70\">Miercuri<\/td>\n<td>10:00 &#8212; 20:00<\/td>\n<\/tr>\n<tr>\n<td width=\"70\">Joi<\/td>\n<td>10:00 &#8212; 20:00<\/td>\n<\/tr>\n<tr>\n<td width=\"70\">Vineri<\/td>\n<td>10:00 &#8212; 20:00<\/td>\n<\/tr>\n<tr>\n<td width=\"70\">S\u00e2mb\u0103t\u0103<\/td>\n<td>10:00 &#8212; 20:00<\/td>\n<\/tr>\n<tr>\n<td width=\"70\">\u0412\u043e\u0441\u043a\u0440\u0435\u0441\u0435\u043d\u044c\u0435<\/td>\n<td>10:00 &#8212; 20:00<\/td>\n<\/tr>\n<\/tbody>\n<\/table>\n\n\t\t<\/div>\n\t<\/div>\n<\/div><\/div><\/div><div class=\"wpb_column vc_column_container vc_col-sm-6\"><div class=\"vc_column-inner\"><div class=\"wpb_wrapper\">\n\t<div class=\"wpb_text_column wpb_content_element\" >\n\t\t<div class=\"wpb_wrapper\">\n\t\t\t<h4><strong>Savanna N.Costin Zoosalon \/ Boiucani<\/strong><\/h4>\n<p>N.Costin, 52| MD-2064, Chisinau, Republica Moldova<br \/>\n<strong>Telefon<\/strong>: <a href=\"\/ro\/+37360291450\/\">062091450<\/a><\/p>\n<h5>Orele de func\u021bionare:<\/h5>\n<p>\u041f\u0435\u0440\u0435\u0440\u044b\u0432\u00a0 \u00a0 \u00a0 \u00a0 \u00a0 \u00a014:00 &#8212; 15:00<\/p>\n<table>\n<tbody>\n<tr>\n<td width=\"70\">Luni<\/td>\n<td>10:00 &#8212; 20:00<\/td>\n<\/tr>\n<tr>\n<td width=\"70\">Mar\u0163i<\/td>\n<td>10:00 &#8212; 20:00<\/td>\n<\/tr>\n<tr>\n<td width=\"70\">Miercuri<\/td>\n<td>10:00 &#8212; 20:00<\/td>\n<\/tr>\n<tr>\n<td width=\"70\">Joi<\/td>\n<td>10:00 &#8212; 20:00<\/td>\n<\/tr>\n<tr>\n<td width=\"70\">Vineri<\/td>\n<td>10:00 &#8212; 20:00<\/td>\n<\/tr>\n<tr>\n<td width=\"70\">S\u00e2mb\u0103t\u0103<\/td>\n<td>10:00 &#8212; 19:00<\/td>\n<\/tr>\n<tr>\n<td width=\"70\">\u0412\u043e\u0441\u043a\u0440\u0435\u0441\u0435\u043d\u044c\u0435<\/td>\n<td>10:00 &#8212; 18:00<\/td>\n<\/tr>\n<\/tbody>\n<\/table>\n\n\t\t<\/div>\n\t<\/div>\n<\/div><\/div><\/div><\/div><div class=\"vc_row wpb_row vc_inner vc_row-fluid vc_custom_1659803643930 vc_row-o-equal-height vc_row-o-content-top vc_row-flex wd-rs-62ee97ed9d983\"><div class=\"wpb_column vc_column_container vc_col-sm-6\"><div class=\"vc_column-inner\"><div class=\"wpb_wrapper\">\n\t<div class=\"wpb_text_column wpb_content_element\" >\n\t\t<div class=\"wpb_wrapper\">\n\t\t\t<h4><strong>Savanna Zoosalon \/ Riscani<\/strong><\/h4>\n<p><a href=\"https:\/\/goo.gl\/maps\/XDxnAuAepwoRDkDH7\">A. Russo 9\/6<\/a> | Fourchette MD-2068 Chisinau, Republica Moldova<br \/>\n<strong>Telefon<\/strong>: 079286112, 069111865<\/p>\n<h5>Orele de func\u021bionare:<\/h5>\n<table>\n<tbody>\n<tr>\n<td width=\"70\">Luni<\/td>\n<td>10:00 &#8212; 20:00<\/td>\n<\/tr>\n<tr>\n<td width=\"70\">Mar\u0163i<\/td>\n<td>10:00 &#8212; 20:00<\/td>\n<\/tr>\n<tr>\n<td width=\"70\">Miercuri<\/td>\n<td>10:00 &#8212; 20:00<\/td>\n<\/tr>\n<tr>\n<td width=\"70\">Joi<\/td>\n<td>10:00 &#8212; 20:00<\/td>\n<\/tr>\n<tr>\n<td width=\"70\">Vineri<\/td>\n<td>10:00 &#8212; 20:00<\/td>\n<\/tr>\n<tr>\n<td width=\"70\">S\u00e2mb\u0103t\u0103<\/td>\n<td>10:00 &#8212; 20:00<\/td>\n<\/tr>\n<tr>\n<td width=\"70\">\u0412\u043e\u0441\u043a\u0440\u0435\u0441\u0435\u043d\u044c\u0435<\/td>\n<td>10:00 &#8212; 18:00<\/td>\n<\/tr>\n<\/tbody>\n<\/table>\n\n\t\t<\/div>\n\t<\/div>\n<\/div><\/div><\/div><div class=\"wpb_column vc_column_container vc_col-sm-6\"><div class=\"vc_column-inner\"><div class=\"wpb_wrapper\">\n\t<div class=\"wpb_text_column wpb_content_element\" >\n\t\t<div class=\"wpb_wrapper\">\n\t\t\t<h4><strong>Savanna Zoosalon \/ Botanica<\/strong><\/h4>\n<p><a href=\"https:\/\/goo.gl\/maps\/RW4KQudvFAN5mpcf9\">bd. Traian, 1\/3<\/a> | MD-2060\u00a0Chisinau, Republica Moldova<br \/>\n<strong>Telefon<\/strong>: <a href=\"http:\/\/+37360072343\">069111865,\u00a0 060072343<\/a><\/p>\n<h5>Orele de func\u021bionare:<\/h5>\n<p>\u041f\u0435\u0440\u0435\u0440\u044b\u0432\u00a0 \u00a0 \u00a0 \u00a0 \u00a0 \u00a014:30 &#8212; 15:00<\/p>\n<table>\n<tbody>\n<tr>\n<td width=\"70\">Luni<\/td>\n<td>10:00 &#8212; 20:00<\/td>\n<\/tr>\n<tr>\n<td width=\"70\">Mar\u0163i<\/td>\n<td>10:00 &#8212; 20:00<\/td>\n<\/tr>\n<tr>\n<td width=\"70\">Miercuri<\/td>\n<td>10:00 &#8212; 20:00<\/td>\n<\/tr>\n<tr>\n<td width=\"70\">Joi<\/td>\n<td>10:00 &#8212; 20:00<\/td>\n<\/tr>\n<tr>\n<td width=\"70\">Vineri<\/td>\n<td>10:00 &#8212; 20:00<\/td>\n<\/tr>\n<tr>\n<td width=\"70\">S\u00e2mb\u0103t\u0103<\/td>\n<td>10:00 &#8212; 20:00<\/td>\n<\/tr>\n<tr>\n<td width=\"70\">\u0412\u043e\u0441\u043a\u0440\u0435\u0441\u0435\u043d\u044c\u0435<\/td>\n<td>10:00 &#8212; 20:00<\/td>\n<\/tr>\n<\/tbody>\n<\/table>\n\n\t\t<\/div>\n\t<\/div>\n<\/div><\/div><\/div><\/div><div class=\"vc_row wpb_row vc_inner vc_row-fluid vc_custom_1659803643930 vc_row-o-equal-height vc_row-o-content-top vc_row-flex wd-rs-62ee97ed9d983\"><div class=\"wpb_column vc_column_container vc_col-sm-6\"><div class=\"vc_column-inner\"><div class=\"wpb_wrapper\">\n\t<div class=\"wpb_text_column wpb_content_element\" >\n\t\t<div class=\"wpb_wrapper\">\n\t\t\t<h4><strong>Savanna B. Voevod \/ Riscani<\/strong><\/h4>\n<p><a href=\"https:\/\/www.google.com\/maps\/place\/Strada+Bogdan+Voievod+2,+Chi%C5%9Fin%C4%83u\/data=!4m2!3m1!1s0x40c97cf8a849a2ad:0x7f4f3237d6c0108e?sa=X&amp;ved=2ahUKEwjhoLvGm46CAxUMhf0HHSl_D6oQ8gF6BAgOEAA&amp;ved=2ahUKEwjhoLvGm46CAxUMhf0HHSl_D6oQ8gF6BAgQEAI\">Bogdan Voevod,2<\/a> | MD-2068 Chisinau, Republica Moldova<br \/>\n<strong>Telefon<\/strong>: <a href=\"tel:069536148\">069536148<\/a><\/p>\n<h5>Orele de func\u021bionare:<\/h5>\n<table>\n<tbody>\n<tr>\n<td width=\"70\">Luni<\/td>\n<td>09:00 &#8212; 20:00<\/td>\n<\/tr>\n<tr>\n<td width=\"70\">Mar\u0163i<\/td>\n<td>09:00 &#8212; 20:00<\/td>\n<\/tr>\n<tr>\n<td width=\"70\">Miercuri<\/td>\n<td>09:00 &#8212; 20:00<\/td>\n<\/tr>\n<tr>\n<td width=\"70\">Joi<\/td>\n<td>09:00 &#8212; 20:00<\/td>\n<\/tr>\n<tr>\n<td width=\"70\">Vineri<\/td>\n<td>09:00 &#8212; 20:00<\/td>\n<\/tr>\n<tr>\n<td width=\"70\">S\u00e2mb\u0103t\u0103<\/td>\n<td>09:00 &#8212; 20:00<\/td>\n<\/tr>\n<tr>\n<td width=\"70\">\u0412\u043e\u0441\u043a\u0440\u0435\u0441\u0435\u043d\u044c\u0435<\/td>\n<td>09:00 &#8212; 20:00<\/td>\n<\/tr>\n<\/tbody>\n<\/table>\n\n\t\t<\/div>\n\t<\/div>\n<\/div><\/div><\/div><div class=\"wpb_column vc_column_container vc_col-sm-6\"><div class=\"vc_column-inner\"><div class=\"wpb_wrapper\">\n\t<div class=\"wpb_text_column wpb_content_element\" >\n\t\t<div class=\"wpb_wrapper\">\n\t\t\t<h4><strong>Savanna M.Varlaam \/ Centru<\/strong><\/h4>\n<p><a href=\"https:\/\/www.google.com\/maps\/place\/Strada+Mitropolit+Varlaam+46,+Chi%C5%9Fin%C4%83u\/data=!4m2!3m1!1s0x40c97c3c5ff786b1:0xd2ebb6e26bf7236d?sa=X&amp;ved=2ahUKEwjpiY3nm46CAxXY77sIHf-uBz0Q8gF6BAgLEAA&amp;ved=2ahUKEwjpiY3nm46CAxXY77sIHf-uBz0Q8gF6BAgPEAI\">Mitropolit Varlaam,46 MD-2001 Chisinau, Republica Moldova<\/a><br \/>\n<strong>Telefon<\/strong>: 069089307<\/p>\n<h5>Orele de func\u021bionare:<\/h5>\n<table>\n<tbody>\n<tr>\n<td width=\"70\">Luni<\/td>\n<td>09:00 &#8212; 20:00<\/td>\n<\/tr>\n<tr>\n<td width=\"70\">Mar\u0163i<\/td>\n<td>09:00 &#8212; 20:00<\/td>\n<\/tr>\n<tr>\n<td width=\"70\">Miercuri<\/td>\n<td>09:00 &#8212; 20:00<\/td>\n<\/tr>\n<tr>\n<td width=\"70\">Joi<\/td>\n<td>09:00 &#8212; 20:00<\/td>\n<\/tr>\n<tr>\n<td width=\"70\">Vineri<\/td>\n<td>09:00 &#8212; 20:00<\/td>\n<\/tr>\n<tr>\n<td width=\"70\">S\u00e2mb\u0103t\u0103<\/td>\n<td>09:00 &#8212; 20:00<\/td>\n<\/tr>\n<tr>\n<td width=\"70\">\u0412\u043e\u0441\u043a\u0440\u0435\u0441\u0435\u043d\u044c\u0435<\/td>\n<td>09:00 &#8212; 20:00<\/td>\n<\/tr>\n<\/tbody>\n<\/table>\n\n\t\t<\/div>\n\t<\/div>\n<\/div><\/div><\/div><\/div><\/div><\/div><\/div><\/div>\n<\/div>","protected":false},"excerpt":{"rendered":"Savanna Petru Rares \/ Centru Petru Rares, 39\/1 | MD-2005, Chisinau, Republica Moldova \u0422\u0435\u043b\u0435\u0444\u043e\u043d: 069111865 \u0427\u0430\u0441\u044b \u0440\u0430\u0431\u043e\u0442\u044b: \u041f\u043e\u043d\u0435\u0434\u0435\u043b\u044c\u043d\u0438\u043a 09:00 -","protected":false},"author":1,"featured_media":0,"parent":0,"menu_order":0,"comment_status":"closed","ping_status":"closed","template":"","meta":{"footnotes":""},"class_list":["post-99","page","type-page","status-publish","hentry"],"_links":{"self":[{"href":"https:\/\/zoomagazin.md\/ro\/wp-json\/wp\/v2\/pages\/99","targetHints":{"allow":["GET"]}}],"collection":[{"href":"https:\/\/zoomagazin.md\/ro\/wp-json\/wp\/v2\/pages"}],"about":[{"href":"https:\/\/zoomagazin.md\/ro\/wp-json\/wp\/v2\/types\/page"}],"author":[{"embeddable":true,"href":"https:\/\/zoomagazin.md\/ro\/wp-json\/wp\/v2\/users\/1"}],"replies":[{"embeddable":true,"href":"https:\/\/zoomagazin.md\/ro\/wp-json\/wp\/v2\/comments?post=99"}],"version-history":[{"count":3,"href":"https:\/\/zoomagazin.md\/ro\/wp-json\/wp\/v2\/pages\/99\/revisions"}],"predecessor-version":[{"id":6528,"href":"https:\/\/zoomagazin.md\/ro\/wp-json\/wp\/v2\/pages\/99\/revisions\/6528"}],"wp:attachment":[{"href":"https:\/\/zoomagazin.md\/ro\/wp-json\/wp\/v2\/media?parent=99"}],"curies":[{"name":"wp","href":"https:\/\/api.w.org\/{rel}","templated":true}]}}